{"id":2,"date":"2011-01-27T13:58:55","date_gmt":"2011-01-27T12:58:55","guid":{"rendered":"http:\/\/paulaabrahao.com.br\/blog\/?page_id=2"},"modified":"2021-03-27T20:52:24","modified_gmt":"2021-03-27T19:52:24","slug":"about","status":"publish","type":"page","link":"https:\/\/paulaabrahao.com.br\/blog\/about\/","title":{"rendered":"Sobre"},"content":{"rendered":"<div id=\"attachment_4630\" style=\"width: 1910px\" class=\"wp-caption alignnone\"><img loading=\"lazy\" decoding=\"async\" aria-describedby=\"caption-attachment-4630\" class=\"size-full wp-image-4630\" src=\"https:\/\/paulaabrahao.com.br\/blog\/wp-content\/uploads\/2019\/09\/PaulaAbrahao-SatelliteJune08.jpg\" alt=\"Paula Abrahao - Uma tarde com Satellite June\" width=\"1900\" height=\"2850\" srcset=\"https:\/\/paulaabrahao.com.br\/blog\/wp-content\/uploads\/2019\/09\/PaulaAbrahao-SatelliteJune08.jpg 1900w, https:\/\/paulaabrahao.com.br\/blog\/wp-content\/uploads\/2019\/09\/PaulaAbrahao-SatelliteJune08-200x300.jpg 200w, https:\/\/paulaabrahao.com.br\/blog\/wp-content\/uploads\/2019\/09\/PaulaAbrahao-SatelliteJune08-768x1152.jpg 768w, https:\/\/paulaabrahao.com.br\/blog\/wp-content\/uploads\/2019\/09\/PaulaAbrahao-SatelliteJune08-683x1024.jpg 683w\" sizes=\"auto, (max-width: 1900px) 100vw, 1900px\" \/><p id=\"caption-attachment-4630\" class=\"wp-caption-text\">Foto por <a href=\"https:\/\/www.alearaujophoto.com\/\" target=\"_blank\" rel=\"noopener noreferrer\">Al\u00ea Ara\u00fajo<\/a><\/p><\/div>\n<p style=\"text-align: justify;\">Balzaquiana, g\u00f3tica domesticada, copywriter, fot\u00f3grafa, paulista morando em Amsterdam com <a title=\"@Shiota\" href=\"http:\/\/www.twitter.com\/shiota\" target=\"_blank\" rel=\"noopener noreferrer\">quatro<\/a>~<a title=\"Paula Abrah\u00e3o | Mother Of Kittens\" href=\"http:\/\/paulaabrahao.com.br\/blog\/category\/mother-of-kittens\/\">gatos<\/a>.\u00a0\u2661<\/p>\n<p style=\"text-align: justify;\">Come\u00e7ando e abandonando blogs e sites desde 2000, mas sempre volto para as minhas ra\u00edzes. Escrevo sobre viagens, gatos e minha viv\u00eancia como imigrante <a title=\"Paula Abrah\u00e3o | Amsterdam\" href=\"http:\/\/paulaabrahao.com.br\/blog\/category\/pessoal\/amsterdam\/\">em uma cultura diferente<\/a> \u2013 entre outras coisas aleat\u00f3rias. Quer falar comigo? Pode deixar um coment\u00e1rio aqui no blog (vou amar ler!) ou, se preferir, mandar um e-mail para hello [ @ ] paulaabrahao.com.br :}<\/p>\n<p style=\"text-align: justify;\"><strong>\/\/<\/strong><\/p>\n<p style=\"text-align: justify;\"><em>30-something, domesticated goth, copywriter, photographer, Brazilian living in Amsterdam with <a title=\"TAG: Mother of Kittens\" href=\"http:\/\/paulaabrahao.com.br\/blog\/category\/mother-of-kittens\/\">three cats<\/a> and a <a href=\"http:\/\/www.twitter.com\/shiota\">partner<\/a>.\u00a0\u2661<\/em><\/p>\n<p style=\"text-align: justify;\"><em>Starting and abandoning blogs since 2000, but I always come back. I write about travel, cats, and <a title=\"Posts about Amsterdam\" href=\"http:\/\/paulaabrahao.com.br\/blog\/category\/pessoal\/amsterdam\/\">my experience as an immigrant in a completely different country,<\/a> among other random things. Most posts are in Portuguese but a few are available also in English \u2013 and I&#8217;m working on translating everything else. <\/em><em>If you feel like\u00a0talking to me you can leave a comment\u00a0here in\u00a0the blog (I&#8217;ll love reading it!)\u00a0or send an e-mail to hello [ @ ] paulaabrahao.com.br :}<\/em><!--:--><\/p>\n\n\n<p><\/p>\n","protected":false},"excerpt":{"rendered":"<p>Balzaquiana, g\u00f3tica domesticada, copywriter, fot\u00f3grafa, paulista morando em Amsterdam com quatro~gatos.\u00a0\u2661 Come\u00e7ando e abandonando blogs e sites desde 2000, mas sempre volto para as minhas ra\u00edzes. Escrevo sobre viagens, gatos e minha viv\u00eancia como imigrante em uma cultura diferente \u2013 entre outras coisas aleat\u00f3rias. Quer falar comigo? Pode deixar um coment\u00e1rio aqui no blog (vou [&hellip;]<\/p>\n","protected":false},"author":4,"featured_media":0,"parent":0,"menu_order":0,"comment_status":"closed","ping_status":"closed","template":"","meta":{"footnotes":""},"class_list":["post-2","page","type-page","status-publish","hentry"],"_links":{"self":[{"href":"https:\/\/paulaabrahao.com.br\/blog\/wp-json\/wp\/v2\/pages\/2","targetHints":{"allow":["GET"]}}],"collection":[{"href":"https:\/\/paulaabrahao.com.br\/blog\/wp-json\/wp\/v2\/pages"}],"about":[{"href":"https:\/\/paulaabrahao.com.br\/blog\/wp-json\/wp\/v2\/types\/page"}],"author":[{"embeddable":true,"href":"https:\/\/paulaabrahao.com.br\/blog\/wp-json\/wp\/v2\/users\/4"}],"replies":[{"embeddable":true,"href":"https:\/\/paulaabrahao.com.br\/blog\/wp-json\/wp\/v2\/comments?post=2"}],"version-history":[{"count":10,"href":"https:\/\/paulaabrahao.com.br\/blog\/wp-json\/wp\/v2\/pages\/2\/revisions"}],"predecessor-version":[{"id":4783,"href":"https:\/\/paulaabrahao.com.br\/blog\/wp-json\/wp\/v2\/pages\/2\/revisions\/4783"}],"wp:attachment":[{"href":"https:\/\/paulaabrahao.com.br\/blog\/wp-json\/wp\/v2\/media?parent=2"}],"curies":[{"name":"wp","href":"https:\/\/api.w.org\/{rel}","templated":true}]}}