{"id":1544,"date":"2014-05-11T20:11:23","date_gmt":"2014-05-11T23:11:23","guid":{"rendered":"http:\/\/paulaabrahao.com.br\/blog\/?page_id=1544"},"modified":"2020-08-18T13:09:27","modified_gmt":"2020-08-18T11:09:27","slug":"blogroll","status":"publish","type":"page","link":"https:\/\/paulaabrahao.com.br\/blog\/blogroll\/","title":{"rendered":"Blogs Amigos &#038; Favoritos"},"content":{"rendered":"<ul>\n<li><a title=\"N\u00fdr Dagur\" href=\"http:\/\/nyrdagurblog.com\/\" target=\"_blank\" rel=\"noopener noreferrer\">N\u00fdr Dagur<\/a><\/li>\n<li><a title=\"Um Novo Destino\" href=\"http:\/\/www.umnovodestino.com.br\/\">Um Novo Destino<\/a><\/li>\n<li><a href=\"https:\/\/www.kaffeina.co\/\" target=\"_blank\" rel=\"noopener noreferrer\">Kaffeina<\/a><\/li>\n<li><a href=\"https:\/\/thisgermanlife.com\/\">This German Life<\/a><\/li>\n<li><a href=\"https:\/\/gabinajanela.blogspot.com\/\" target=\"_blank\" rel=\"noopener noreferrer\">Gabi na Janela<\/a><\/li>\n<li><a title=\"Hello Lolla\" href=\"http:\/\/www.hellololla.com\/\" target=\"_blank\" rel=\"noopener noreferrer\">Hello Lolla<\/a><\/li>\n<li><a title=\"Ba Moretti\" href=\"http:\/\/bamoretti.blogspot.nl\/\" target=\"_blank\" rel=\"noopener noreferrer\">Ba Moretti<\/a><\/li>\n<li><a title=\"Sernaiotto\" href=\"http:\/\/sernaiotto.com\">Sernaiotto<\/a><\/li>\n<li><a title=\"Mulher Vitrola\" href=\"http:\/\/mulhervitrola.com.br\/\" target=\"_blank\" rel=\"noopener noreferrer\">Mulher Vitrola<\/a><\/li>\n<li><a href=\"http:\/\/naomemandeflores.com\/\" target=\"_blank\" rel=\"noopener noreferrer\">N\u00e3o me mande flores<\/a><\/li>\n<li><a title=\"Tinha que ser a Chell\" href=\"http:\/\/tinhaqueser.com\/\" target=\"_blank\" rel=\"noopener noreferrer\">Tinha Que Ser<\/a><\/li>\n<li><a title=\"Salateando\" href=\"http:\/\/salateando.com.br\/\">Salateando<\/a><\/li>\n<li><a href=\"http:\/\/sandrajuto.co\/\" target=\"_blank\" rel=\"noopener noreferrer\">Sandra Juto<\/a><\/li>\n<\/ul>\n<h2>Cr\u00e9ditos<\/h2>\n<p>Layout: Paula Abrah\u00e3o<br \/>\nC\u00f3digo: <a title=\"Eduardo Shiota Yasuda\" href=\"http:\/\/www.eshiota.com\">Eduardo Shiota Yasuda<\/a><\/p>\n","protected":false},"excerpt":{"rendered":"<p>N\u00fdr Dagur Um Novo Destino Kaffeina This German Life Gabi na Janela Hello Lolla Ba Moretti Sernaiotto Mulher Vitrola N\u00e3o me mande flores Tinha Que Ser Salateando Sandra Juto Cr\u00e9ditos Layout: Paula Abrah\u00e3o C\u00f3digo: Eduardo Shiota Yasuda<\/p>\n","protected":false},"author":4,"featured_media":0,"parent":0,"menu_order":0,"comment_status":"closed","ping_status":"closed","template":"","meta":{"footnotes":""},"class_list":["post-1544","page","type-page","status-publish","hentry"],"_links":{"self":[{"href":"https:\/\/paulaabrahao.com.br\/blog\/wp-json\/wp\/v2\/pages\/1544","targetHints":{"allow":["GET"]}}],"collection":[{"href":"https:\/\/paulaabrahao.com.br\/blog\/wp-json\/wp\/v2\/pages"}],"about":[{"href":"https:\/\/paulaabrahao.com.br\/blog\/wp-json\/wp\/v2\/types\/page"}],"author":[{"embeddable":true,"href":"https:\/\/paulaabrahao.com.br\/blog\/wp-json\/wp\/v2\/users\/4"}],"replies":[{"embeddable":true,"href":"https:\/\/paulaabrahao.com.br\/blog\/wp-json\/wp\/v2\/comments?post=1544"}],"version-history":[{"count":10,"href":"https:\/\/paulaabrahao.com.br\/blog\/wp-json\/wp\/v2\/pages\/1544\/revisions"}],"predecessor-version":[{"id":4728,"href":"https:\/\/paulaabrahao.com.br\/blog\/wp-json\/wp\/v2\/pages\/1544\/revisions\/4728"}],"wp:attachment":[{"href":"https:\/\/paulaabrahao.com.br\/blog\/wp-json\/wp\/v2\/media?parent=1544"}],"curies":[{"name":"wp","href":"https:\/\/api.w.org\/{rel}","templated":true}]}}